{"id":1658,"date":"2024-06-07T07:10:50","date_gmt":"2024-06-07T07:10:50","guid":{"rendered":"https:\/\/edmbaltic.lt\/produkcija\/pneumatiniai-irankiai\/"},"modified":"2024-06-30T19:51:14","modified_gmt":"2024-06-30T19:51:14","slug":"pnjevmatichjeskije-instrumjenty","status":"publish","type":"page","link":"https:\/\/edmbaltic.lt\/ru\/produkcija\/pnjevmatichjeskije-instrumjenty\/","title":{"rendered":"\u041f\u043d\u0435\u0432\u043c\u0430\u0442\u0438\u0447\u0435\u0441\u043a\u0438\u0435 \u0438\u043d\u0441\u0442\u0440\u0443\u043c\u0435\u043d\u0442\u044b"},"content":{"rendered":"\n<div class=\"wp-block-columns is-layout-flex wp-container-core-columns-is-layout-9d6595d7 wp-block-columns-is-layout-flex\">\n<div class=\"wp-block-column is-layout-flow wp-block-column-is-layout-flow\">\n<figure class=\"wp-block-image size-full\"><a href=\"https:\/\/edmbaltic.lt\/ru\/produkcija\/pnjevmatichjeskije-instrumjenty\/pnjevmatichjeskije-gajkovjerty\/\"><img loading=\"lazy\" decoding=\"async\" width=\"230\" height=\"129\" src=\"https:\/\/edmbaltic.lt\/wp-content\/uploads\/2024\/06\/Pneumatic_wrench.jpg\" alt=\"\" class=\"wp-image-851\"\/><\/a><figcaption class=\"wp-element-caption\">\u041f\u043d\u0435\u0432\u043c\u0430\u0442\u0438\u0447\u0435\u0441\u043a\u0438\u0435 \u0433\u0430\u0439\u043a\u043e\u0432\u0435\u0440\u0442\u044b<\/figcaption><\/figure>\n<\/div>\n\n\n\n<div class=\"wp-block-column is-layout-flow wp-block-column-is-layout-flow\">\n<figure class=\"wp-block-image size-full\"><a href=\"https:\/\/edmbaltic.lt\/ru\/produkcija\/pnjevmatichjeskije-instrumjenty\/pnjevmatichjeskije-trjeshhjetki\/\"><img loading=\"lazy\" decoding=\"async\" width=\"230\" height=\"129\" src=\"https:\/\/edmbaltic.lt\/wp-content\/uploads\/2024\/06\/Air_ratchet_wrench.jpg\" alt=\"Terk\u0161liniai ver\u017elias\u016bkiai\" class=\"wp-image-839\"\/><\/a><figcaption class=\"wp-element-caption\">\u041f\u043d\u0435\u0432\u043c\u0430\u0442\u0438\u0447\u0435\u0441\u043a\u0438\u0435 \u0442\u0440\u0435\u0449\u0435\u0442\u043a\u0438<\/figcaption><\/figure>\n<\/div>\n\n\n\n<div class=\"wp-block-column is-layout-flow wp-block-column-is-layout-flow\">\n<figure class=\"wp-block-image size-full\"><a href=\"https:\/\/edmbaltic.lt\/ru\/produkcija\/pnjevmatichjeskije-instrumjenty\/pnjevmodrjeli\/\"><img loading=\"lazy\" decoding=\"async\" width=\"230\" height=\"129\" src=\"https:\/\/edmbaltic.lt\/wp-content\/uploads\/2024\/06\/Air_drill.jpg\" alt=\"\" class=\"wp-image-836\"\/><\/a><figcaption class=\"wp-element-caption\">\u041f\u043d\u0435\u0432\u043c\u043e\u0434\u0440\u0435\u043b\u0438<\/figcaption><\/figure>\n<\/div>\n<\/div>\n\n\n\n<div class=\"wp-block-columns is-layout-flex wp-container-core-columns-is-layout-9d6595d7 wp-block-columns-is-layout-flex\">\n<div class=\"wp-block-column is-layout-flow wp-block-column-is-layout-flow\">\n<figure class=\"wp-block-image size-full\"><a href=\"https:\/\/edmbaltic.lt\/ru\/produkcija\/pnjevmatichjeskije-instrumjenty\/pnjevmatichjeskije-bjetonolomy\/\"><img loading=\"lazy\" decoding=\"async\" width=\"230\" height=\"129\" src=\"https:\/\/edmbaltic.lt\/wp-content\/uploads\/2024\/06\/Air_concrete_breaker.jpg\" alt=\"Pneumatiniai betono skaltyvuvai\" class=\"wp-image-833\"\/><\/a><figcaption class=\"wp-element-caption\">\u041f\u043d\u0435\u0432\u043c\u0430\u0442\u0438\u0447\u0435\u0441\u043a\u0438\u0435 \u0431\u0435\u0442\u043e\u043d\u043e\u043b\u043e\u043c\u044b<\/figcaption><\/figure>\n<\/div>\n\n\n\n<div class=\"wp-block-column is-layout-flow wp-block-column-is-layout-flow\">\n<figure class=\"wp-block-image size-full\"><a href=\"https:\/\/edmbaltic.lt\/ru\/produkcija\/pnjevmatichjeskije-instrumjenty\/pnjevmatichjeskije-shlifovshhiki-i-polirovshhiki\/\"><img loading=\"lazy\" decoding=\"async\" width=\"230\" height=\"129\" src=\"https:\/\/edmbaltic.lt\/wp-content\/uploads\/2024\/06\/Air_sander_polisher_grinder.jpg\" alt=\"\u0160lifuokliai ir poliruokliai\" class=\"wp-image-842\"\/><\/a><figcaption class=\"wp-element-caption\">\u041f\u043d\u0435\u0432\u043c\u0430\u0442\u0438\u0447\u0435\u0441\u043a\u0438\u0435 \u0448\u043b\u0438\u0444\u043e\u0432\u0449\u0438\u043a\u0438 \u0438 \u043f\u043e\u043b\u0438\u0440\u043e\u0432\u0449\u0438\u043a\u0438<\/figcaption><\/figure>\n<\/div>\n\n\n\n<div class=\"wp-block-column is-layout-flow wp-block-column-is-layout-flow\">\n<figure class=\"wp-block-image size-full\"><a href=\"https:\/\/edmbaltic.lt\/ru\/produkcija\/pnjevmatichjeskije-instrumjenty\/drugije-pnjevmoinstrumjenty\/\"><img loading=\"lazy\" decoding=\"async\" width=\"230\" height=\"129\" src=\"https:\/\/edmbaltic.lt\/wp-content\/uploads\/2024\/06\/Other_pneumatic.jpg\" alt=\"Kiti pneumatiniai \u012frankiai\" class=\"wp-image-848\"\/><\/a><figcaption class=\"wp-element-caption\">\u0414\u0440\u0443\u0433\u0438\u0435 \u043f\u043d\u0435\u0432\u043c\u043e\u0438\u043d\u0441\u0442\u0440\u0443\u043c\u0435\u043d\u0442\u044b<\/figcaption><\/figure>\n<\/div>\n<\/div>\n","protected":false},"excerpt":{"rendered":"","protected":false},"author":1,"featured_media":0,"parent":1553,"menu_order":0,"comment_status":"closed","ping_status":"closed","template":"page-product-template.php","meta":{"_acf_changed":false,"_eb_attr":"","footnotes":""},"class_list":["post-1658","page","type-page","status-publish","hentry"],"acf":[],"yoast_head":"<!-- This site is optimized with the Yoast SEO plugin v23.0 - https:\/\/yoast.com\/wordpress\/plugins\/seo\/ -->\n<title>\u041f\u043d\u0435\u0432\u043c\u0430\u0442\u0438\u0447\u0435\u0441\u043a\u0438\u0435 \u0438\u043d\u0441\u0442\u0440\u0443\u043c\u0435\u043d\u0442\u044b | edmbaltic.lt<\/title>\n<meta name=\"description\" content=\"\u041f\u043d\u0435\u0432\u043c\u0430\u0442\u0438\u0447\u0435\u0441\u043a\u0438\u0435 \u0438\u043d\u0441\u0442\u0440\u0443\u043c\u0435\u043d\u0442\u044b\" \/>\n<meta name=\"robots\" content=\"index, follow, max-snippet:-1, max-image-preview:large, max-video-preview:-1\" \/>\n<link rel=\"canonical\" href=\"https:\/\/edmbaltic.lt\/ru\/produkcija\/pnjevmatichjeskije-instrumjenty\/\" \/>\n<meta property=\"og:locale\" content=\"ru_RU\" \/>\n<meta property=\"og:type\" content=\"article\" \/>\n<meta property=\"og:title\" content=\"\u041f\u043d\u0435\u0432\u043c\u0430\u0442\u0438\u0447\u0435\u0441\u043a\u0438\u0435 \u0438\u043d\u0441\u0442\u0440\u0443\u043c\u0435\u043d\u0442\u044b | edmbaltic.lt\" \/>\n<meta property=\"og:description\" content=\"\u041f\u043d\u0435\u0432\u043c\u0430\u0442\u0438\u0447\u0435\u0441\u043a\u0438\u0435 \u0438\u043d\u0441\u0442\u0440\u0443\u043c\u0435\u043d\u0442\u044b\" \/>\n<meta property=\"og:url\" content=\"https:\/\/edmbaltic.lt\/ru\/produkcija\/pnjevmatichjeskije-instrumjenty\/\" \/>\n<meta property=\"og:site_name\" content=\"Edmbaltic.lt\" \/>\n<meta property=\"article:modified_time\" content=\"2024-06-30T19:51:14+00:00\" \/>\n<meta property=\"og:image\" content=\"https:\/\/edmbaltic.lt\/wp-content\/uploads\/2024\/06\/Pneumatic_wrench.jpg\" \/>\n<meta name=\"twitter:card\" content=\"summary_large_image\" \/>\n<meta name=\"twitter:label1\" content=\"\u041f\u0440\u0438\u043c\u0435\u0440\u043d\u043e\u0435 \u0432\u0440\u0435\u043c\u044f \u0434\u043b\u044f \u0447\u0442\u0435\u043d\u0438\u044f\" \/>\n\t<meta name=\"twitter:data1\" content=\"2 \u043c\u0438\u043d\u0443\u0442\u044b\" \/>\n<script type=\"application\/ld+json\" class=\"yoast-schema-graph\">{\"@context\":\"https:\/\/schema.org\",\"@graph\":[{\"@type\":\"WebPage\",\"@id\":\"https:\/\/edmbaltic.lt\/ru\/produkcija\/pnjevmatichjeskije-instrumjenty\/\",\"url\":\"https:\/\/edmbaltic.lt\/ru\/produkcija\/pnjevmatichjeskije-instrumjenty\/\",\"name\":\"\u041f\u043d\u0435\u0432\u043c\u0430\u0442\u0438\u0447\u0435\u0441\u043a\u0438\u0435 \u0438\u043d\u0441\u0442\u0440\u0443\u043c\u0435\u043d\u0442\u044b | edmbaltic.lt\",\"isPartOf\":{\"@id\":\"https:\/\/edmbaltic.lt\/ru\/#website\"},\"primaryImageOfPage\":{\"@id\":\"https:\/\/edmbaltic.lt\/ru\/produkcija\/pnjevmatichjeskije-instrumjenty\/#primaryimage\"},\"image\":{\"@id\":\"https:\/\/edmbaltic.lt\/ru\/produkcija\/pnjevmatichjeskije-instrumjenty\/#primaryimage\"},\"thumbnailUrl\":\"https:\/\/edmbaltic.lt\/wp-content\/uploads\/2024\/06\/Pneumatic_wrench.jpg\",\"datePublished\":\"2024-06-07T07:10:50+00:00\",\"dateModified\":\"2024-06-30T19:51:14+00:00\",\"description\":\"\u041f\u043d\u0435\u0432\u043c\u0430\u0442\u0438\u0447\u0435\u0441\u043a\u0438\u0435 \u0438\u043d\u0441\u0442\u0440\u0443\u043c\u0435\u043d\u0442\u044b\",\"breadcrumb\":{\"@id\":\"https:\/\/edmbaltic.lt\/ru\/produkcija\/pnjevmatichjeskije-instrumjenty\/#breadcrumb\"},\"inLanguage\":\"ru-RU\",\"potentialAction\":[{\"@type\":\"ReadAction\",\"target\":[\"https:\/\/edmbaltic.lt\/ru\/produkcija\/pnjevmatichjeskije-instrumjenty\/\"]}]},{\"@type\":\"ImageObject\",\"inLanguage\":\"ru-RU\",\"@id\":\"https:\/\/edmbaltic.lt\/ru\/produkcija\/pnjevmatichjeskije-instrumjenty\/#primaryimage\",\"url\":\"https:\/\/edmbaltic.lt\/wp-content\/uploads\/2024\/06\/Pneumatic_wrench.jpg\",\"contentUrl\":\"https:\/\/edmbaltic.lt\/wp-content\/uploads\/2024\/06\/Pneumatic_wrench.jpg\"},{\"@type\":\"BreadcrumbList\",\"@id\":\"https:\/\/edmbaltic.lt\/ru\/produkcija\/pnjevmatichjeskije-instrumjenty\/#breadcrumb\",\"itemListElement\":[{\"@type\":\"ListItem\",\"position\":1,\"name\":\"Home\",\"item\":\"https:\/\/edmbaltic.lt\/ru\/\"},{\"@type\":\"ListItem\",\"position\":2,\"name\":\"\u041f\u0440\u043e\u0434\u0443\u043a\u0446\u0438\u044f\",\"item\":\"https:\/\/edmbaltic.lt\/ru\/produkcija\/\"},{\"@type\":\"ListItem\",\"position\":3,\"name\":\"\u041f\u043d\u0435\u0432\u043c\u0430\u0442\u0438\u0447\u0435\u0441\u043a\u0438\u0435 \u0438\u043d\u0441\u0442\u0440\u0443\u043c\u0435\u043d\u0442\u044b\"}]},{\"@type\":\"WebSite\",\"@id\":\"https:\/\/edmbaltic.lt\/ru\/#website\",\"url\":\"https:\/\/edmbaltic.lt\/ru\/\",\"name\":\"Edmbaltic.lt\",\"description\":\"\",\"publisher\":{\"@id\":\"https:\/\/edmbaltic.lt\/ru\/#organization\"},\"potentialAction\":[{\"@type\":\"SearchAction\",\"target\":{\"@type\":\"EntryPoint\",\"urlTemplate\":\"https:\/\/edmbaltic.lt\/ru\/?s={search_term_string}\"},\"query-input\":\"required name=search_term_string\"}],\"inLanguage\":\"ru-RU\"},{\"@type\":\"Organization\",\"@id\":\"https:\/\/edmbaltic.lt\/ru\/#organization\",\"name\":\"Edmbaltic.lt\",\"url\":\"https:\/\/edmbaltic.lt\/ru\/\",\"logo\":{\"@type\":\"ImageObject\",\"inLanguage\":\"ru-RU\",\"@id\":\"https:\/\/edmbaltic.lt\/ru\/#\/schema\/logo\/image\/\",\"url\":\"https:\/\/edmbaltic.lt\/wp-content\/uploads\/2024\/06\/logo.png\",\"contentUrl\":\"https:\/\/edmbaltic.lt\/wp-content\/uploads\/2024\/06\/logo.png\",\"width\":222,\"height\":104,\"caption\":\"Edmbaltic.lt\"},\"image\":{\"@id\":\"https:\/\/edmbaltic.lt\/ru\/#\/schema\/logo\/image\/\"}}]}<\/script>\n<!-- \/ Yoast SEO plugin. -->","yoast_head_json":{"title":"\u041f\u043d\u0435\u0432\u043c\u0430\u0442\u0438\u0447\u0435\u0441\u043a\u0438\u0435 \u0438\u043d\u0441\u0442\u0440\u0443\u043c\u0435\u043d\u0442\u044b | edmbaltic.lt","description":"\u041f\u043d\u0435\u0432\u043c\u0430\u0442\u0438\u0447\u0435\u0441\u043a\u0438\u0435 \u0438\u043d\u0441\u0442\u0440\u0443\u043c\u0435\u043d\u0442\u044b","robots":{"index":"index","follow":"follow","max-snippet":"max-snippet:-1","max-image-preview":"max-image-preview:large","max-video-preview":"max-video-preview:-1"},"canonical":"https:\/\/edmbaltic.lt\/ru\/produkcija\/pnjevmatichjeskije-instrumjenty\/","og_locale":"ru_RU","og_type":"article","og_title":"\u041f\u043d\u0435\u0432\u043c\u0430\u0442\u0438\u0447\u0435\u0441\u043a\u0438\u0435 \u0438\u043d\u0441\u0442\u0440\u0443\u043c\u0435\u043d\u0442\u044b | edmbaltic.lt","og_description":"\u041f\u043d\u0435\u0432\u043c\u0430\u0442\u0438\u0447\u0435\u0441\u043a\u0438\u0435 \u0438\u043d\u0441\u0442\u0440\u0443\u043c\u0435\u043d\u0442\u044b","og_url":"https:\/\/edmbaltic.lt\/ru\/produkcija\/pnjevmatichjeskije-instrumjenty\/","og_site_name":"Edmbaltic.lt","article_modified_time":"2024-06-30T19:51:14+00:00","og_image":[{"url":"https:\/\/edmbaltic.lt\/wp-content\/uploads\/2024\/06\/Pneumatic_wrench.jpg"}],"twitter_card":"summary_large_image","twitter_misc":{"\u041f\u0440\u0438\u043c\u0435\u0440\u043d\u043e\u0435 \u0432\u0440\u0435\u043c\u044f \u0434\u043b\u044f \u0447\u0442\u0435\u043d\u0438\u044f":"2 \u043c\u0438\u043d\u0443\u0442\u044b"},"schema":{"@context":"https:\/\/schema.org","@graph":[{"@type":"WebPage","@id":"https:\/\/edmbaltic.lt\/ru\/produkcija\/pnjevmatichjeskije-instrumjenty\/","url":"https:\/\/edmbaltic.lt\/ru\/produkcija\/pnjevmatichjeskije-instrumjenty\/","name":"\u041f\u043d\u0435\u0432\u043c\u0430\u0442\u0438\u0447\u0435\u0441\u043a\u0438\u0435 \u0438\u043d\u0441\u0442\u0440\u0443\u043c\u0435\u043d\u0442\u044b | edmbaltic.lt","isPartOf":{"@id":"https:\/\/edmbaltic.lt\/ru\/#website"},"primaryImageOfPage":{"@id":"https:\/\/edmbaltic.lt\/ru\/produkcija\/pnjevmatichjeskije-instrumjenty\/#primaryimage"},"image":{"@id":"https:\/\/edmbaltic.lt\/ru\/produkcija\/pnjevmatichjeskije-instrumjenty\/#primaryimage"},"thumbnailUrl":"https:\/\/edmbaltic.lt\/wp-content\/uploads\/2024\/06\/Pneumatic_wrench.jpg","datePublished":"2024-06-07T07:10:50+00:00","dateModified":"2024-06-30T19:51:14+00:00","description":"\u041f\u043d\u0435\u0432\u043c\u0430\u0442\u0438\u0447\u0435\u0441\u043a\u0438\u0435 \u0438\u043d\u0441\u0442\u0440\u0443\u043c\u0435\u043d\u0442\u044b","breadcrumb":{"@id":"https:\/\/edmbaltic.lt\/ru\/produkcija\/pnjevmatichjeskije-instrumjenty\/#breadcrumb"},"inLanguage":"ru-RU","potentialAction":[{"@type":"ReadAction","target":["https:\/\/edmbaltic.lt\/ru\/produkcija\/pnjevmatichjeskije-instrumjenty\/"]}]},{"@type":"ImageObject","inLanguage":"ru-RU","@id":"https:\/\/edmbaltic.lt\/ru\/produkcija\/pnjevmatichjeskije-instrumjenty\/#primaryimage","url":"https:\/\/edmbaltic.lt\/wp-content\/uploads\/2024\/06\/Pneumatic_wrench.jpg","contentUrl":"https:\/\/edmbaltic.lt\/wp-content\/uploads\/2024\/06\/Pneumatic_wrench.jpg"},{"@type":"BreadcrumbList","@id":"https:\/\/edmbaltic.lt\/ru\/produkcija\/pnjevmatichjeskije-instrumjenty\/#breadcrumb","itemListElement":[{"@type":"ListItem","position":1,"name":"Home","item":"https:\/\/edmbaltic.lt\/ru\/"},{"@type":"ListItem","position":2,"name":"\u041f\u0440\u043e\u0434\u0443\u043a\u0446\u0438\u044f","item":"https:\/\/edmbaltic.lt\/ru\/produkcija\/"},{"@type":"ListItem","position":3,"name":"\u041f\u043d\u0435\u0432\u043c\u0430\u0442\u0438\u0447\u0435\u0441\u043a\u0438\u0435 \u0438\u043d\u0441\u0442\u0440\u0443\u043c\u0435\u043d\u0442\u044b"}]},{"@type":"WebSite","@id":"https:\/\/edmbaltic.lt\/ru\/#website","url":"https:\/\/edmbaltic.lt\/ru\/","name":"Edmbaltic.lt","description":"","publisher":{"@id":"https:\/\/edmbaltic.lt\/ru\/#organization"},"potentialAction":[{"@type":"SearchAction","target":{"@type":"EntryPoint","urlTemplate":"https:\/\/edmbaltic.lt\/ru\/?s={search_term_string}"},"query-input":"required name=search_term_string"}],"inLanguage":"ru-RU"},{"@type":"Organization","@id":"https:\/\/edmbaltic.lt\/ru\/#organization","name":"Edmbaltic.lt","url":"https:\/\/edmbaltic.lt\/ru\/","logo":{"@type":"ImageObject","inLanguage":"ru-RU","@id":"https:\/\/edmbaltic.lt\/ru\/#\/schema\/logo\/image\/","url":"https:\/\/edmbaltic.lt\/wp-content\/uploads\/2024\/06\/logo.png","contentUrl":"https:\/\/edmbaltic.lt\/wp-content\/uploads\/2024\/06\/logo.png","width":222,"height":104,"caption":"Edmbaltic.lt"},"image":{"@id":"https:\/\/edmbaltic.lt\/ru\/#\/schema\/logo\/image\/"}}]}},"_links":{"self":[{"href":"https:\/\/edmbaltic.lt\/ru\/wp-json\/wp\/v2\/pages\/1658","targetHints":{"allow":["GET"]}}],"collection":[{"href":"https:\/\/edmbaltic.lt\/ru\/wp-json\/wp\/v2\/pages"}],"about":[{"href":"https:\/\/edmbaltic.lt\/ru\/wp-json\/wp\/v2\/types\/page"}],"author":[{"embeddable":true,"href":"https:\/\/edmbaltic.lt\/ru\/wp-json\/wp\/v2\/users\/1"}],"replies":[{"embeddable":true,"href":"https:\/\/edmbaltic.lt\/ru\/wp-json\/wp\/v2\/comments?post=1658"}],"version-history":[{"count":2,"href":"https:\/\/edmbaltic.lt\/ru\/wp-json\/wp\/v2\/pages\/1658\/revisions"}],"predecessor-version":[{"id":1853,"href":"https:\/\/edmbaltic.lt\/ru\/wp-json\/wp\/v2\/pages\/1658\/revisions\/1853"}],"up":[{"embeddable":true,"href":"https:\/\/edmbaltic.lt\/ru\/wp-json\/wp\/v2\/pages\/1553"}],"wp:attachment":[{"href":"https:\/\/edmbaltic.lt\/ru\/wp-json\/wp\/v2\/media?parent=1658"}],"curies":[{"name":"wp","href":"https:\/\/api.w.org\/{rel}","templated":true}]}}