{"id":1951,"date":"2024-06-07T07:38:35","date_gmt":"2024-06-07T07:38:35","guid":{"rendered":"https:\/\/edmbaltic.lt\/products\/tools\/elektromontazine-iranga\/"},"modified":"2024-07-03T07:28:09","modified_gmt":"2024-07-03T07:28:09","slug":"electrical-installation-equipment","status":"publish","type":"page","link":"https:\/\/edmbaltic.lt\/en\/products\/tools\/electrical-installation-equipment\/","title":{"rendered":"Electrical installation equipment"},"content":{"rendered":"\n<figure class=\"wp-block-image size-full\"><img loading=\"lazy\" decoding=\"async\" width=\"230\" height=\"160\" src=\"https:\/\/edmbaltic.lt\/wp-content\/uploads\/2024\/06\/GT-HP-60H-small.jpg\" alt=\"\" class=\"wp-image-290\"\/><\/figure>\n\n\n\n<h3 class=\"wp-block-heading\">GT-HP-60H su apsauginiu vo\u017etuvu<\/h3>\n\n\n\n<ul class=\"wp-block-list\">\n<li><em>Daugiafunkcinis \u012frankis<\/em><\/li>\n\n\n\n<li><em>Komplekt\u0105 sudaro galvut\u0117 kirpimui, u\u017espaudimui ir prakirtimui, keitimo matricos.<\/em><\/li>\n\n\n\n<li><em>Pakuot\u0117: 2 lagaminai.<\/em><\/li>\n<\/ul>\n\n\n\n<p><\/p>\n\n\n\n<figure class=\"wp-block-table\"><table><tbody><tr><td>Maksimalus spaudimas (T) &nbsp;<\/td><td>&nbsp; &nbsp; &nbsp; &nbsp;6<\/td><\/tr><tr><td>St\u016bmoklio eiga (mm)<\/td><td>&nbsp; &nbsp; &nbsp; 42<\/td><\/tr><tr><td>&nbsp;Kirpimo diapazonas (mm)<\/td><td>Telefoninis kabelis<\/td><td>&nbsp; &nbsp; &nbsp; 40<\/td><\/tr><tr><td>Armuotas kabelis<\/td><td>&nbsp; &nbsp; &nbsp; 40<\/td><\/tr><tr><td>Po\u017eeminis kabelis<\/td><td>&nbsp; &nbsp; &nbsp; 40<\/td><\/tr><tr><td>U\u017espaudimo diapazonas<\/td><td>&nbsp; &nbsp; &nbsp; 16-300<\/td><\/tr><tr><td>Prakirtimo diapazonas (mm)<\/td><td>&nbsp; &nbsp; &nbsp; 22,5-61,5<\/td><\/tr><tr><td>Svoris (kg)<\/td><td>&nbsp; &nbsp; &nbsp; 9<\/td><\/tr><tr><td>Matmenys (mm)<\/td><td>&nbsp; &nbsp; &nbsp; 540x180x60<\/td><\/tr><tr><td>Papildoma informacija<\/td><\/tr><tr><td>U\u017espaudimo matricos<\/td><td>&nbsp; &nbsp; &nbsp; 16,25,35,50,70,95,120,150,185,240,300<\/td><\/tr><tr><td>Prakirtimo matricos<\/td><td>&nbsp; &nbsp; &nbsp; 22.5,28.3,34.6,43.2,49.6,61.5<\/td><\/tr><tr><td>A\u0161menys (2)<\/td><td>&nbsp; &nbsp; &nbsp; 1<\/td><\/tr><tr><td>U\u017espaudimo adapteris<\/td><td>&nbsp; &nbsp; &nbsp; 1<\/td><\/tr><tr><td>Prakirtimo adapteris<\/td><td>&nbsp; &nbsp; &nbsp; 1<\/td><\/tr><tr><td>Remontinis komplektas<\/td><td>&nbsp; &nbsp; &nbsp; 1<\/td><\/tr><\/tbody><\/table><\/figure>\n\n\n\n<figure class=\"wp-block-image size-full\"><img loading=\"lazy\" decoding=\"async\" width=\"230\" height=\"160\" src=\"https:\/\/edmbaltic.lt\/wp-content\/uploads\/2024\/06\/GT-HP-400E-small.jpg\" alt=\"\" class=\"wp-image-278\"\/><\/figure>\n\n\n\n<p><strong>GT-HP-400E<\/strong><\/p>\n\n\n\n<p><strong>Hidraulinis rankinis presas<\/strong><\/p>\n\n\n\n<ul class=\"wp-block-list\">\n<li><em>C formos kaltin\u0117 darbin\u0117 galvut\u0117, besisukanti 180 laipsni\u0173 kampu.<\/em><\/li>\n\n\n\n<li><em>Minimalus j\u0117gos panaudojimas presavimo metu d\u0117l didel\u0117s rankenos.<\/em><\/li>\n\n\n\n<li><em>Rankinis spaudimo atstatymo vo\u017etuvas<\/em><\/li>\n\n\n\n<li><em>Apsauginis vo\u017etuvas<\/em><\/li>\n<\/ul>\n\n\n\n<figure class=\"wp-block-table\"><table><tbody><tr><td>Maksimalus spaudimas (T)<\/td><td>12<\/td><\/tr><tr><td>St\u016bmoklio eiga (mm)<\/td><td>42<\/td><\/tr><tr><td>Maksimalus kabelio diametras galiuk\u0173 presavimo metu (\u043c\u043c\u00b2)<\/td><td>Cu \u2013 400 AL &#8211; 300<\/td><\/tr><tr><td>Standartiniai matric\u0173 matmenys(\u043c\u043c\u00b2)<\/td><td>50, 70, 95, 120, 150, 185, 240, 300, 400<\/td><\/tr><tr><td>Galvut\u0117<\/td><td>\u0161e\u0161iakamp\u0117<\/td><\/tr><tr><td>Svoris (kg)<\/td><td>4,8<\/td><\/tr><tr><td>Matmenys (mm)<\/td><td>540\u00d7180\u00d770<\/td><\/tr><tr><td>Pakuot\u0117<\/td><td>Metalin\u0117 d\u0117\u017e\u0117<\/td><\/tr><\/tbody><\/table><\/figure>\n\n\n\n<figure class=\"wp-block-image size-full\"><img loading=\"lazy\" decoding=\"async\" width=\"230\" height=\"160\" src=\"https:\/\/edmbaltic.lt\/wp-content\/uploads\/2024\/06\/GT-HP-400U-small.jpg\" alt=\"\" class=\"wp-image-284\"\/><\/figure>\n\n\n\n<p><strong>GT-HP-400U<\/strong><\/p>\n\n\n\n<p><strong>Hidraulinis rankinis presas<\/strong><\/p>\n\n\n\n<ul class=\"wp-block-list\">\n<li><em>H formos kaltin\u0117 darbin\u0117 galvut\u0117, besisukanti 180 laipsni\u0173 kampu.<\/em><\/li>\n\n\n\n<li><em>Minimalus j\u0117gos panaudojimas presavimo metu d\u0117l didel\u0117s rankenos.<\/em><\/li>\n\n\n\n<li><em>Rankinis spaudimo atstatymo vo\u017etuvas<\/em><\/li>\n\n\n\n<li><em>Apsauginis vo\u017etuvas<\/em><\/li>\n<\/ul>\n\n\n\n<figure class=\"wp-block-table\"><table><tbody><tr><td>Maksimalus spaudimas (T)<\/td><td>12<\/td><\/tr><tr><td>St\u016bmoklio eiga (mm)<\/td><td>20<\/td><\/tr><tr><td>Maksimalus kabelio diametras galiuk\u0173 presavimo metu (\u043c\u043c\u00b2)<\/td><td>Cu \u2013 400 AL &#8211; 300<\/td><\/tr><tr><td>Standartiniai matric\u0173 matmenys(\u043c\u043c\u00b2)<\/td><td>50, 70, 95, 120, 150, 185, 240, 300, 400<\/td><\/tr><tr><td>Galvut\u0117<\/td><td>\u0161e\u0161iakamp\u0117<\/td><\/tr><tr><td>Svoris (kg)<\/td><td>4,5<\/td><\/tr><tr><td>Matmenys (mm)<\/td><td>540\u00d7170\u00d770<\/td><\/tr><tr><td>Pakuot\u0117<\/td><td>Metalin\u0117 d\u0117\u017e\u0117<\/td><\/tr><\/tbody><\/table><\/figure>\n\n\n\n<figure class=\"wp-block-image size-full\"><img loading=\"lazy\" decoding=\"async\" width=\"230\" height=\"160\" src=\"https:\/\/edmbaltic.lt\/wp-content\/uploads\/2024\/06\/HUA-22A-small.jpg\" alt=\"\" class=\"wp-image-302\"\/><\/figure>\n\n\n\n<p><strong>HUA \u2013 22A<\/strong><\/p>\n\n\n\n<p><strong>Hidraulinis kabeli\u0173 nukirt\u0117jas<\/strong><\/p>\n\n\n\n<p><\/p>\n\n\n\n<figure class=\"wp-block-table\"><table><tbody><tr><td>Modelis<\/td><td>HUA-22A<\/td><\/tr><tr><td>Tona\u017eas<\/td><td>8<\/td><\/tr><tr><td>Kirpimo diapazonas (mm)<\/td><td>Telefoninis kabelis<\/td><td>40<\/td><\/tr><tr><td>Armuotas kabelis<\/td><td>40<\/td><\/tr><tr><td>Po\u017eeminis kabelis<\/td><td>40<\/td><\/tr><tr><td>Svoris (kg)<\/td><td>8,5<\/td><\/tr><tr><td>Matmenys (mm)<\/td><td>770x240x130<\/td><\/tr><\/tbody><\/table><\/figure>\n\n\n\n<figure class=\"wp-block-image size-full\"><img loading=\"lazy\" decoding=\"async\" width=\"230\" height=\"160\" src=\"https:\/\/edmbaltic.lt\/wp-content\/uploads\/2024\/06\/hua-22-small.jpg\" alt=\"Elektromonta\u017ein\u0117 \u012franga\" class=\"wp-image-296\"\/><\/figure>\n\n\n\n<p><strong>HUA \u2013 22<\/strong><\/p>\n\n\n\n<p><strong>Hidraulinis kabeli\u0173 nukirt\u0117jas<\/strong><\/p>\n\n\n\n<figure class=\"wp-block-table\"><table><tbody><tr><td>Modelis<\/td><td>HUA-22<\/td><\/tr><tr><td>Tona\u017eas<\/td><td>7<\/td><\/tr><tr><td>Kirpimo diapazonas (mm)<\/td><td>Telefoninis kabelis<\/td><td>40<\/td><\/tr><tr><td>Armuotas kabelis<\/td><td>40<\/td><\/tr><tr><td>Po\u017eeminis kabelis<\/td><td>40<\/td><\/tr><tr><td>Svoris (kg)<\/td><td>6<\/td><\/tr><tr><td>Matmenys (mm)<\/td><td>620x150x100<\/td><\/tr><\/tbody><\/table><\/figure>\n","protected":false},"excerpt":{"rendered":"<p>GT-HP-60H su apsauginiu vo\u017etuvu Maksimalus spaudimas (T) &nbsp; &nbsp; &nbsp; &nbsp; &nbsp;6 St\u016bmoklio eiga (mm) &nbsp; &nbsp; &nbsp; 42 &nbsp;Kirpimo diapazonas (mm) Telefoninis kabelis &nbsp; &nbsp; &nbsp; 40 Armuotas kabelis &nbsp; &nbsp; &nbsp; 40 Po\u017eeminis kabelis &nbsp; &nbsp; &nbsp; 40 U\u017espaudimo diapazonas &nbsp; &nbsp; &nbsp; 16-300 Prakirtimo diapazonas (mm) &nbsp; &nbsp; &nbsp; 22,5-61,5 Svoris (kg) [&hellip;]<\/p>\n","protected":false},"author":1,"featured_media":0,"parent":1567,"menu_order":0,"comment_status":"closed","ping_status":"closed","template":"page-product-template.php","meta":{"_acf_changed":false,"_eb_attr":"","footnotes":""},"class_list":["post-1951","page","type-page","status-publish","hentry"],"acf":[],"yoast_head":"<!-- This site is optimized with the Yoast SEO plugin v23.0 - https:\/\/yoast.com\/wordpress\/plugins\/seo\/ -->\n<title>Electrical installation equipment | edmbaltic.lt<\/title>\n<meta name=\"description\" content=\"Electrical installation equipment\" \/>\n<meta name=\"robots\" content=\"index, follow, max-snippet:-1, max-image-preview:large, max-video-preview:-1\" \/>\n<link rel=\"canonical\" href=\"https:\/\/edmbaltic.lt\/en\/products\/tools\/electrical-installation-equipment\/\" \/>\n<meta property=\"og:locale\" content=\"en_US\" \/>\n<meta property=\"og:type\" content=\"article\" \/>\n<meta property=\"og:title\" content=\"Electrical installation equipment | edmbaltic.lt\" \/>\n<meta property=\"og:description\" content=\"Electrical installation equipment\" \/>\n<meta property=\"og:url\" content=\"https:\/\/edmbaltic.lt\/en\/products\/tools\/electrical-installation-equipment\/\" \/>\n<meta property=\"og:site_name\" content=\"Edmbaltic.lt\" \/>\n<meta property=\"article:modified_time\" content=\"2024-07-03T07:28:09+00:00\" \/>\n<meta property=\"og:image\" content=\"https:\/\/edmbaltic.lt\/wp-content\/uploads\/2024\/06\/GT-HP-60H-small.jpg\" \/>\n<meta name=\"twitter:card\" content=\"summary_large_image\" \/>\n<meta name=\"twitter:label1\" content=\"Est. reading time\" \/>\n\t<meta name=\"twitter:data1\" content=\"3 minutes\" \/>\n<script type=\"application\/ld+json\" class=\"yoast-schema-graph\">{\"@context\":\"https:\/\/schema.org\",\"@graph\":[{\"@type\":\"WebPage\",\"@id\":\"https:\/\/edmbaltic.lt\/en\/products\/tools\/electrical-installation-equipment\/\",\"url\":\"https:\/\/edmbaltic.lt\/en\/products\/tools\/electrical-installation-equipment\/\",\"name\":\"Electrical installation equipment | edmbaltic.lt\",\"isPartOf\":{\"@id\":\"https:\/\/edmbaltic.lt\/en\/#website\"},\"primaryImageOfPage\":{\"@id\":\"https:\/\/edmbaltic.lt\/en\/products\/tools\/electrical-installation-equipment\/#primaryimage\"},\"image\":{\"@id\":\"https:\/\/edmbaltic.lt\/en\/products\/tools\/electrical-installation-equipment\/#primaryimage\"},\"thumbnailUrl\":\"https:\/\/edmbaltic.lt\/wp-content\/uploads\/2024\/06\/GT-HP-60H-small.jpg\",\"datePublished\":\"2024-06-07T07:38:35+00:00\",\"dateModified\":\"2024-07-03T07:28:09+00:00\",\"description\":\"Electrical installation equipment\",\"breadcrumb\":{\"@id\":\"https:\/\/edmbaltic.lt\/en\/products\/tools\/electrical-installation-equipment\/#breadcrumb\"},\"inLanguage\":\"en-US\",\"potentialAction\":[{\"@type\":\"ReadAction\",\"target\":[\"https:\/\/edmbaltic.lt\/en\/products\/tools\/electrical-installation-equipment\/\"]}]},{\"@type\":\"ImageObject\",\"inLanguage\":\"en-US\",\"@id\":\"https:\/\/edmbaltic.lt\/en\/products\/tools\/electrical-installation-equipment\/#primaryimage\",\"url\":\"https:\/\/edmbaltic.lt\/wp-content\/uploads\/2024\/06\/GT-HP-60H-small.jpg\",\"contentUrl\":\"https:\/\/edmbaltic.lt\/wp-content\/uploads\/2024\/06\/GT-HP-60H-small.jpg\"},{\"@type\":\"BreadcrumbList\",\"@id\":\"https:\/\/edmbaltic.lt\/en\/products\/tools\/electrical-installation-equipment\/#breadcrumb\",\"itemListElement\":[{\"@type\":\"ListItem\",\"position\":1,\"name\":\"Home\",\"item\":\"https:\/\/edmbaltic.lt\/en\/\"},{\"@type\":\"ListItem\",\"position\":2,\"name\":\"Products\",\"item\":\"https:\/\/edmbaltic.lt\/en\/products\/\"},{\"@type\":\"ListItem\",\"position\":3,\"name\":\"Tools\",\"item\":\"https:\/\/edmbaltic.lt\/en\/products\/tools\/\"},{\"@type\":\"ListItem\",\"position\":4,\"name\":\"Electrical installation equipment\"}]},{\"@type\":\"WebSite\",\"@id\":\"https:\/\/edmbaltic.lt\/en\/#website\",\"url\":\"https:\/\/edmbaltic.lt\/en\/\",\"name\":\"Edmbaltic.lt\",\"description\":\"\",\"publisher\":{\"@id\":\"https:\/\/edmbaltic.lt\/en\/#organization\"},\"potentialAction\":[{\"@type\":\"SearchAction\",\"target\":{\"@type\":\"EntryPoint\",\"urlTemplate\":\"https:\/\/edmbaltic.lt\/en\/?s={search_term_string}\"},\"query-input\":\"required name=search_term_string\"}],\"inLanguage\":\"en-US\"},{\"@type\":\"Organization\",\"@id\":\"https:\/\/edmbaltic.lt\/en\/#organization\",\"name\":\"Edmbaltic.lt\",\"url\":\"https:\/\/edmbaltic.lt\/en\/\",\"logo\":{\"@type\":\"ImageObject\",\"inLanguage\":\"en-US\",\"@id\":\"https:\/\/edmbaltic.lt\/en\/#\/schema\/logo\/image\/\",\"url\":\"https:\/\/edmbaltic.lt\/wp-content\/uploads\/2024\/06\/logo.png\",\"contentUrl\":\"https:\/\/edmbaltic.lt\/wp-content\/uploads\/2024\/06\/logo.png\",\"width\":222,\"height\":104,\"caption\":\"Edmbaltic.lt\"},\"image\":{\"@id\":\"https:\/\/edmbaltic.lt\/en\/#\/schema\/logo\/image\/\"}}]}<\/script>\n<!-- \/ Yoast SEO plugin. -->","yoast_head_json":{"title":"Electrical installation equipment | edmbaltic.lt","description":"Electrical installation equipment","robots":{"index":"index","follow":"follow","max-snippet":"max-snippet:-1","max-image-preview":"max-image-preview:large","max-video-preview":"max-video-preview:-1"},"canonical":"https:\/\/edmbaltic.lt\/en\/products\/tools\/electrical-installation-equipment\/","og_locale":"en_US","og_type":"article","og_title":"Electrical installation equipment | edmbaltic.lt","og_description":"Electrical installation equipment","og_url":"https:\/\/edmbaltic.lt\/en\/products\/tools\/electrical-installation-equipment\/","og_site_name":"Edmbaltic.lt","article_modified_time":"2024-07-03T07:28:09+00:00","og_image":[{"url":"https:\/\/edmbaltic.lt\/wp-content\/uploads\/2024\/06\/GT-HP-60H-small.jpg"}],"twitter_card":"summary_large_image","twitter_misc":{"Est. reading time":"3 minutes"},"schema":{"@context":"https:\/\/schema.org","@graph":[{"@type":"WebPage","@id":"https:\/\/edmbaltic.lt\/en\/products\/tools\/electrical-installation-equipment\/","url":"https:\/\/edmbaltic.lt\/en\/products\/tools\/electrical-installation-equipment\/","name":"Electrical installation equipment | edmbaltic.lt","isPartOf":{"@id":"https:\/\/edmbaltic.lt\/en\/#website"},"primaryImageOfPage":{"@id":"https:\/\/edmbaltic.lt\/en\/products\/tools\/electrical-installation-equipment\/#primaryimage"},"image":{"@id":"https:\/\/edmbaltic.lt\/en\/products\/tools\/electrical-installation-equipment\/#primaryimage"},"thumbnailUrl":"https:\/\/edmbaltic.lt\/wp-content\/uploads\/2024\/06\/GT-HP-60H-small.jpg","datePublished":"2024-06-07T07:38:35+00:00","dateModified":"2024-07-03T07:28:09+00:00","description":"Electrical installation equipment","breadcrumb":{"@id":"https:\/\/edmbaltic.lt\/en\/products\/tools\/electrical-installation-equipment\/#breadcrumb"},"inLanguage":"en-US","potentialAction":[{"@type":"ReadAction","target":["https:\/\/edmbaltic.lt\/en\/products\/tools\/electrical-installation-equipment\/"]}]},{"@type":"ImageObject","inLanguage":"en-US","@id":"https:\/\/edmbaltic.lt\/en\/products\/tools\/electrical-installation-equipment\/#primaryimage","url":"https:\/\/edmbaltic.lt\/wp-content\/uploads\/2024\/06\/GT-HP-60H-small.jpg","contentUrl":"https:\/\/edmbaltic.lt\/wp-content\/uploads\/2024\/06\/GT-HP-60H-small.jpg"},{"@type":"BreadcrumbList","@id":"https:\/\/edmbaltic.lt\/en\/products\/tools\/electrical-installation-equipment\/#breadcrumb","itemListElement":[{"@type":"ListItem","position":1,"name":"Home","item":"https:\/\/edmbaltic.lt\/en\/"},{"@type":"ListItem","position":2,"name":"Products","item":"https:\/\/edmbaltic.lt\/en\/products\/"},{"@type":"ListItem","position":3,"name":"Tools","item":"https:\/\/edmbaltic.lt\/en\/products\/tools\/"},{"@type":"ListItem","position":4,"name":"Electrical installation equipment"}]},{"@type":"WebSite","@id":"https:\/\/edmbaltic.lt\/en\/#website","url":"https:\/\/edmbaltic.lt\/en\/","name":"Edmbaltic.lt","description":"","publisher":{"@id":"https:\/\/edmbaltic.lt\/en\/#organization"},"potentialAction":[{"@type":"SearchAction","target":{"@type":"EntryPoint","urlTemplate":"https:\/\/edmbaltic.lt\/en\/?s={search_term_string}"},"query-input":"required name=search_term_string"}],"inLanguage":"en-US"},{"@type":"Organization","@id":"https:\/\/edmbaltic.lt\/en\/#organization","name":"Edmbaltic.lt","url":"https:\/\/edmbaltic.lt\/en\/","logo":{"@type":"ImageObject","inLanguage":"en-US","@id":"https:\/\/edmbaltic.lt\/en\/#\/schema\/logo\/image\/","url":"https:\/\/edmbaltic.lt\/wp-content\/uploads\/2024\/06\/logo.png","contentUrl":"https:\/\/edmbaltic.lt\/wp-content\/uploads\/2024\/06\/logo.png","width":222,"height":104,"caption":"Edmbaltic.lt"},"image":{"@id":"https:\/\/edmbaltic.lt\/en\/#\/schema\/logo\/image\/"}}]}},"_links":{"self":[{"href":"https:\/\/edmbaltic.lt\/en\/wp-json\/wp\/v2\/pages\/1951","targetHints":{"allow":["GET"]}}],"collection":[{"href":"https:\/\/edmbaltic.lt\/en\/wp-json\/wp\/v2\/pages"}],"about":[{"href":"https:\/\/edmbaltic.lt\/en\/wp-json\/wp\/v2\/types\/page"}],"author":[{"embeddable":true,"href":"https:\/\/edmbaltic.lt\/en\/wp-json\/wp\/v2\/users\/1"}],"replies":[{"embeddable":true,"href":"https:\/\/edmbaltic.lt\/en\/wp-json\/wp\/v2\/comments?post=1951"}],"version-history":[{"count":1,"href":"https:\/\/edmbaltic.lt\/en\/wp-json\/wp\/v2\/pages\/1951\/revisions"}],"predecessor-version":[{"id":1953,"href":"https:\/\/edmbaltic.lt\/en\/wp-json\/wp\/v2\/pages\/1951\/revisions\/1953"}],"up":[{"embeddable":true,"href":"https:\/\/edmbaltic.lt\/en\/wp-json\/wp\/v2\/pages\/1567"}],"wp:attachment":[{"href":"https:\/\/edmbaltic.lt\/en\/wp-json\/wp\/v2\/media?parent=1951"}],"curies":[{"name":"wp","href":"https:\/\/api.w.org\/{rel}","templated":true}]}}