{"id":1567,"date":"2024-06-07T07:12:13","date_gmt":"2024-06-07T07:12:13","guid":{"rendered":"https:\/\/edmbaltic.lt\/products\/irankiai\/"},"modified":"2024-06-28T12:42:23","modified_gmt":"2024-06-28T12:42:23","slug":"tools","status":"publish","type":"page","link":"https:\/\/edmbaltic.lt\/en\/products\/tools\/","title":{"rendered":"Tools"},"content":{"rendered":"","protected":false},"excerpt":{"rendered":"","protected":false},"author":1,"featured_media":0,"parent":1545,"menu_order":0,"comment_status":"closed","ping_status":"closed","template":"page-product-template.php","meta":{"_acf_changed":false,"_eb_attr":"","footnotes":""},"class_list":["post-1567","page","type-page","status-publish","hentry"],"acf":[],"yoast_head":"<!-- This site is optimized with the Yoast SEO plugin v23.0 - https:\/\/yoast.com\/wordpress\/plugins\/seo\/ -->\n<title>Pneumatiniai ver\u017eliasukiai, elektromonta\u017ein\u0117 \u012franga | edmbaltic.lt<\/title>\n<meta name=\"description\" content=\"\u012erankiai: pneumatiniai ver\u017eliasukiai ir elektromonta\u017ein\u0117 \u012franga.\" \/>\n<meta name=\"robots\" content=\"index, follow, max-snippet:-1, max-image-preview:large, max-video-preview:-1\" \/>\n<link rel=\"canonical\" href=\"https:\/\/edmbaltic.lt\/en\/products\/tools\/\" \/>\n<meta property=\"og:locale\" content=\"en_US\" \/>\n<meta property=\"og:type\" content=\"article\" \/>\n<meta property=\"og:title\" content=\"Pneumatiniai ver\u017eliasukiai, elektromonta\u017ein\u0117 \u012franga | edmbaltic.lt\" \/>\n<meta property=\"og:description\" content=\"\u012erankiai: pneumatiniai ver\u017eliasukiai ir elektromonta\u017ein\u0117 \u012franga.\" \/>\n<meta property=\"og:url\" content=\"https:\/\/edmbaltic.lt\/en\/products\/tools\/\" \/>\n<meta property=\"og:site_name\" content=\"Edmbaltic.lt\" \/>\n<meta property=\"article:modified_time\" content=\"2024-06-28T12:42:23+00:00\" \/>\n<meta name=\"twitter:card\" content=\"summary_large_image\" \/>\n<script type=\"application\/ld+json\" class=\"yoast-schema-graph\">{\"@context\":\"https:\/\/schema.org\",\"@graph\":[{\"@type\":\"WebPage\",\"@id\":\"https:\/\/edmbaltic.lt\/en\/products\/tools\/\",\"url\":\"https:\/\/edmbaltic.lt\/en\/products\/tools\/\",\"name\":\"Pneumatiniai ver\u017eliasukiai, elektromonta\u017ein\u0117 \u012franga | edmbaltic.lt\",\"isPartOf\":{\"@id\":\"https:\/\/edmbaltic.lt\/en\/#website\"},\"datePublished\":\"2024-06-07T07:12:13+00:00\",\"dateModified\":\"2024-06-28T12:42:23+00:00\",\"description\":\"\u012erankiai: pneumatiniai ver\u017eliasukiai ir elektromonta\u017ein\u0117 \u012franga.\",\"breadcrumb\":{\"@id\":\"https:\/\/edmbaltic.lt\/en\/products\/tools\/#breadcrumb\"},\"inLanguage\":\"en-US\",\"potentialAction\":[{\"@type\":\"ReadAction\",\"target\":[\"https:\/\/edmbaltic.lt\/en\/products\/tools\/\"]}]},{\"@type\":\"BreadcrumbList\",\"@id\":\"https:\/\/edmbaltic.lt\/en\/products\/tools\/#breadcrumb\",\"itemListElement\":[{\"@type\":\"ListItem\",\"position\":1,\"name\":\"Home\",\"item\":\"https:\/\/edmbaltic.lt\/en\/\"},{\"@type\":\"ListItem\",\"position\":2,\"name\":\"Products\",\"item\":\"https:\/\/edmbaltic.lt\/en\/products\/\"},{\"@type\":\"ListItem\",\"position\":3,\"name\":\"Tools\"}]},{\"@type\":\"WebSite\",\"@id\":\"https:\/\/edmbaltic.lt\/en\/#website\",\"url\":\"https:\/\/edmbaltic.lt\/en\/\",\"name\":\"Edmbaltic.lt\",\"description\":\"\",\"publisher\":{\"@id\":\"https:\/\/edmbaltic.lt\/en\/#organization\"},\"potentialAction\":[{\"@type\":\"SearchAction\",\"target\":{\"@type\":\"EntryPoint\",\"urlTemplate\":\"https:\/\/edmbaltic.lt\/en\/?s={search_term_string}\"},\"query-input\":\"required name=search_term_string\"}],\"inLanguage\":\"en-US\"},{\"@type\":\"Organization\",\"@id\":\"https:\/\/edmbaltic.lt\/en\/#organization\",\"name\":\"Edmbaltic.lt\",\"url\":\"https:\/\/edmbaltic.lt\/en\/\",\"logo\":{\"@type\":\"ImageObject\",\"inLanguage\":\"en-US\",\"@id\":\"https:\/\/edmbaltic.lt\/en\/#\/schema\/logo\/image\/\",\"url\":\"https:\/\/edmbaltic.lt\/wp-content\/uploads\/2024\/06\/logo.png\",\"contentUrl\":\"https:\/\/edmbaltic.lt\/wp-content\/uploads\/2024\/06\/logo.png\",\"width\":222,\"height\":104,\"caption\":\"Edmbaltic.lt\"},\"image\":{\"@id\":\"https:\/\/edmbaltic.lt\/en\/#\/schema\/logo\/image\/\"}}]}<\/script>\n<!-- \/ Yoast SEO plugin. -->","yoast_head_json":{"title":"Pneumatiniai ver\u017eliasukiai, elektromonta\u017ein\u0117 \u012franga | edmbaltic.lt","description":"\u012erankiai: pneumatiniai ver\u017eliasukiai ir elektromonta\u017ein\u0117 \u012franga.","robots":{"index":"index","follow":"follow","max-snippet":"max-snippet:-1","max-image-preview":"max-image-preview:large","max-video-preview":"max-video-preview:-1"},"canonical":"https:\/\/edmbaltic.lt\/en\/products\/tools\/","og_locale":"en_US","og_type":"article","og_title":"Pneumatiniai ver\u017eliasukiai, elektromonta\u017ein\u0117 \u012franga | edmbaltic.lt","og_description":"\u012erankiai: pneumatiniai ver\u017eliasukiai ir elektromonta\u017ein\u0117 \u012franga.","og_url":"https:\/\/edmbaltic.lt\/en\/products\/tools\/","og_site_name":"Edmbaltic.lt","article_modified_time":"2024-06-28T12:42:23+00:00","twitter_card":"summary_large_image","schema":{"@context":"https:\/\/schema.org","@graph":[{"@type":"WebPage","@id":"https:\/\/edmbaltic.lt\/en\/products\/tools\/","url":"https:\/\/edmbaltic.lt\/en\/products\/tools\/","name":"Pneumatiniai ver\u017eliasukiai, elektromonta\u017ein\u0117 \u012franga | edmbaltic.lt","isPartOf":{"@id":"https:\/\/edmbaltic.lt\/en\/#website"},"datePublished":"2024-06-07T07:12:13+00:00","dateModified":"2024-06-28T12:42:23+00:00","description":"\u012erankiai: pneumatiniai ver\u017eliasukiai ir elektromonta\u017ein\u0117 \u012franga.","breadcrumb":{"@id":"https:\/\/edmbaltic.lt\/en\/products\/tools\/#breadcrumb"},"inLanguage":"en-US","potentialAction":[{"@type":"ReadAction","target":["https:\/\/edmbaltic.lt\/en\/products\/tools\/"]}]},{"@type":"BreadcrumbList","@id":"https:\/\/edmbaltic.lt\/en\/products\/tools\/#breadcrumb","itemListElement":[{"@type":"ListItem","position":1,"name":"Home","item":"https:\/\/edmbaltic.lt\/en\/"},{"@type":"ListItem","position":2,"name":"Products","item":"https:\/\/edmbaltic.lt\/en\/products\/"},{"@type":"ListItem","position":3,"name":"Tools"}]},{"@type":"WebSite","@id":"https:\/\/edmbaltic.lt\/en\/#website","url":"https:\/\/edmbaltic.lt\/en\/","name":"Edmbaltic.lt","description":"","publisher":{"@id":"https:\/\/edmbaltic.lt\/en\/#organization"},"potentialAction":[{"@type":"SearchAction","target":{"@type":"EntryPoint","urlTemplate":"https:\/\/edmbaltic.lt\/en\/?s={search_term_string}"},"query-input":"required name=search_term_string"}],"inLanguage":"en-US"},{"@type":"Organization","@id":"https:\/\/edmbaltic.lt\/en\/#organization","name":"Edmbaltic.lt","url":"https:\/\/edmbaltic.lt\/en\/","logo":{"@type":"ImageObject","inLanguage":"en-US","@id":"https:\/\/edmbaltic.lt\/en\/#\/schema\/logo\/image\/","url":"https:\/\/edmbaltic.lt\/wp-content\/uploads\/2024\/06\/logo.png","contentUrl":"https:\/\/edmbaltic.lt\/wp-content\/uploads\/2024\/06\/logo.png","width":222,"height":104,"caption":"Edmbaltic.lt"},"image":{"@id":"https:\/\/edmbaltic.lt\/en\/#\/schema\/logo\/image\/"}}]}},"_links":{"self":[{"href":"https:\/\/edmbaltic.lt\/en\/wp-json\/wp\/v2\/pages\/1567","targetHints":{"allow":["GET"]}}],"collection":[{"href":"https:\/\/edmbaltic.lt\/en\/wp-json\/wp\/v2\/pages"}],"about":[{"href":"https:\/\/edmbaltic.lt\/en\/wp-json\/wp\/v2\/types\/page"}],"author":[{"embeddable":true,"href":"https:\/\/edmbaltic.lt\/en\/wp-json\/wp\/v2\/users\/1"}],"replies":[{"embeddable":true,"href":"https:\/\/edmbaltic.lt\/en\/wp-json\/wp\/v2\/comments?post=1567"}],"version-history":[{"count":2,"href":"https:\/\/edmbaltic.lt\/en\/wp-json\/wp\/v2\/pages\/1567\/revisions"}],"predecessor-version":[{"id":1838,"href":"https:\/\/edmbaltic.lt\/en\/wp-json\/wp\/v2\/pages\/1567\/revisions\/1838"}],"up":[{"embeddable":true,"href":"https:\/\/edmbaltic.lt\/en\/wp-json\/wp\/v2\/pages\/1545"}],"wp:attachment":[{"href":"https:\/\/edmbaltic.lt\/en\/wp-json\/wp\/v2\/media?parent=1567"}],"curies":[{"name":"wp","href":"https:\/\/api.w.org\/{rel}","templated":true}]}}