{"id":1556,"date":"2024-06-07T07:09:31","date_gmt":"2024-06-07T07:09:31","guid":{"rendered":"https:\/\/edmbaltic.lt\/products\/varztu-uzverzimo-iranga\/"},"modified":"2024-06-30T19:56:16","modified_gmt":"2024-06-30T19:56:16","slug":"bolt-tightening-equipment","status":"publish","type":"page","link":"https:\/\/edmbaltic.lt\/en\/products\/bolt-tightening-equipment\/","title":{"rendered":"Bolt tightening equipment"},"content":{"rendered":"\n<p><\/p>\n\n\n\n<p>Screw tightening equipment are force multipliers that allow tightening and loosening of nuts, screws with high torque. These tools work on a static basis and are not impact tools, so they need to be used with a reaction arm. These multipliers are otherwise called torque wrenches. The torque wrenches are divided into electrical, pneumatic, hydraulic and mechanical.&nbsp;These tools allow you to screw in and out different sizes of nuts (screws) from M 14 to M150 or more.<\/p>\n\n\n\n<div class=\"wp-block-columns is-layout-flex wp-container-core-columns-is-layout-9d6595d7 wp-block-columns-is-layout-flex\">\n<div class=\"wp-block-column is-layout-flow wp-block-column-is-layout-flow\">\n<figure class=\"wp-block-image size-full\"><a href=\"https:\/\/edmbaltic.lt\/en\/products\/bolt-tightening-equipment\/electric-torque-wrenches\/\"><img loading=\"lazy\" decoding=\"async\" width=\"1024\" height=\"763\" src=\"https:\/\/edmbaltic.lt\/wp-content\/uploads\/2024\/06\/DE_Winkel_m1.png\" alt=\"Elektriniai ver\u017eliarak\u010diai\" class=\"wp-image-983\" srcset=\"https:\/\/edmbaltic.lt\/wp-content\/uploads\/2024\/06\/DE_Winkel_m1.png 1024w, https:\/\/edmbaltic.lt\/wp-content\/uploads\/2024\/06\/DE_Winkel_m1-300x224.png 300w, https:\/\/edmbaltic.lt\/wp-content\/uploads\/2024\/06\/DE_Winkel_m1-768x572.png 768w, https:\/\/edmbaltic.lt\/wp-content\/uploads\/2024\/06\/DE_Winkel_m1-1000x745.png 1000w\" sizes=\"auto, (max-width: 1024px) 100vw, 1024px\" \/><\/a><figcaption class=\"wp-element-caption\">Electric torque wrenches<\/figcaption><\/figure>\n<\/div>\n\n\n\n<div class=\"wp-block-column is-layout-flow wp-block-column-is-layout-flow\">\n<figure class=\"wp-block-image size-full\"><a href=\"https:\/\/edmbaltic.lt\/en\/products\/bolt-tightening-equipment\/pneumatic-torque-wrenches\/\"><img loading=\"lazy\" decoding=\"async\" width=\"1024\" height=\"685\" src=\"https:\/\/edmbaltic.lt\/wp-content\/uploads\/2024\/06\/DP_ATEX_m1.png\" alt=\"Pneumatiniai ver\u017eliarak\u010diai\" class=\"wp-image-1010\" srcset=\"https:\/\/edmbaltic.lt\/wp-content\/uploads\/2024\/06\/DP_ATEX_m1.png 1024w, https:\/\/edmbaltic.lt\/wp-content\/uploads\/2024\/06\/DP_ATEX_m1-300x201.png 300w, https:\/\/edmbaltic.lt\/wp-content\/uploads\/2024\/06\/DP_ATEX_m1-768x514.png 768w, https:\/\/edmbaltic.lt\/wp-content\/uploads\/2024\/06\/DP_ATEX_m1-1000x669.png 1000w\" sizes=\"auto, (max-width: 1024px) 100vw, 1024px\" \/><\/a><figcaption class=\"wp-element-caption\">Pneumatic torque wrenches<\/figcaption><\/figure>\n<\/div>\n\n\n\n<div class=\"wp-block-column is-layout-flow wp-block-column-is-layout-flow\">\n<figure class=\"wp-block-image size-full\"><a href=\"https:\/\/edmbaltic.lt\/en\/products\/bolt-tightening-equipment\/hydraulic-torque-wrenches\/\"><img loading=\"lazy\" decoding=\"async\" width=\"1024\" height=\"768\" src=\"https:\/\/edmbaltic.lt\/wp-content\/uploads\/2024\/06\/FSX_m1.png\" alt=\"Hidrauliniai ver\u017eliarak\u010diai\" class=\"wp-image-986\" srcset=\"https:\/\/edmbaltic.lt\/wp-content\/uploads\/2024\/06\/FSX_m1.png 1024w, https:\/\/edmbaltic.lt\/wp-content\/uploads\/2024\/06\/FSX_m1-300x225.png 300w, https:\/\/edmbaltic.lt\/wp-content\/uploads\/2024\/06\/FSX_m1-768x576.png 768w, https:\/\/edmbaltic.lt\/wp-content\/uploads\/2024\/06\/FSX_m1-1000x750.png 1000w\" sizes=\"auto, (max-width: 1024px) 100vw, 1024px\" \/><\/a><figcaption class=\"wp-element-caption\">Hydraulic torque wrenches<\/figcaption><\/figure>\n<\/div>\n<\/div>\n\n\n\n<div class=\"wp-block-columns is-layout-flex wp-container-core-columns-is-layout-9d6595d7 wp-block-columns-is-layout-flex\">\n<div class=\"wp-block-column is-layout-flow wp-block-column-is-layout-flow\">\n<figure class=\"wp-block-image size-large\"><a href=\"https:\/\/edmbaltic.lt\/en\/products\/bolt-tightening-equipment\/mechanical-torque-multipliers\/\"><img loading=\"lazy\" decoding=\"async\" width=\"1024\" height=\"692\" src=\"https:\/\/edmbaltic.lt\/wp-content\/uploads\/2024\/06\/XVR_m1-1024x692.jpg\" alt=\"Mechaniniai ver\u017eliarak\u010diai\" class=\"wp-image-1007\" srcset=\"https:\/\/edmbaltic.lt\/wp-content\/uploads\/2024\/06\/XVR_m1-1024x692.jpg 1024w, https:\/\/edmbaltic.lt\/wp-content\/uploads\/2024\/06\/XVR_m1-300x203.jpg 300w, https:\/\/edmbaltic.lt\/wp-content\/uploads\/2024\/06\/XVR_m1-768x519.jpg 768w, https:\/\/edmbaltic.lt\/wp-content\/uploads\/2024\/06\/XVR_m1-1000x675.jpg 1000w, https:\/\/edmbaltic.lt\/wp-content\/uploads\/2024\/06\/XVR_m1.jpg 1516w\" sizes=\"auto, (max-width: 1024px) 100vw, 1024px\" \/><\/a><figcaption class=\"wp-element-caption\">Mechanical torque&nbsp;multipliers<\/figcaption><\/figure>\n<\/div>\n\n\n\n<div class=\"wp-block-column is-layout-flow wp-block-column-is-layout-flow\"><\/div>\n\n\n\n<div class=\"wp-block-column is-layout-flow wp-block-column-is-layout-flow\"><\/div>\n<\/div>\n","protected":false},"excerpt":{"rendered":"<p>Screw tightening equipment are force multipliers that allow tightening and loosening of nuts, screws with high torque. These tools work on a static basis and are not impact tools, so they need to be used with a reaction arm. These multipliers are otherwise called torque wrenches. The torque wrenches are divided into electrical, pneumatic, hydraulic [&hellip;]<\/p>\n","protected":false},"author":1,"featured_media":0,"parent":1545,"menu_order":0,"comment_status":"closed","ping_status":"closed","template":"page-product-template.php","meta":{"_acf_changed":false,"_eb_attr":"","footnotes":""},"class_list":["post-1556","page","type-page","status-publish","hentry"],"acf":[],"yoast_head":"<!-- This site is optimized with the Yoast SEO plugin v23.0 - https:\/\/yoast.com\/wordpress\/plugins\/seo\/ -->\n<title>Var\u017et\u0173 u\u017ever\u017eimo \u012franga | edmbaltic.lt<\/title>\n<meta name=\"description\" content=\"Var\u017et\u0173 u\u017ever\u017eimo \u012franga \u2013 tai j\u0117gos multiplikatoriai, kurie leid\u017eia u\u017ever\u017eti ir atlaisvinti ver\u017eles, var\u017etus su dideliu sukimo momentu.\" \/>\n<meta name=\"robots\" content=\"index, follow, max-snippet:-1, max-image-preview:large, max-video-preview:-1\" \/>\n<link rel=\"canonical\" href=\"https:\/\/edmbaltic.lt\/en\/products\/bolt-tightening-equipment\/\" \/>\n<meta property=\"og:locale\" content=\"en_US\" \/>\n<meta property=\"og:type\" content=\"article\" \/>\n<meta property=\"og:title\" content=\"Var\u017et\u0173 u\u017ever\u017eimo \u012franga | edmbaltic.lt\" \/>\n<meta property=\"og:description\" content=\"Var\u017et\u0173 u\u017ever\u017eimo \u012franga \u2013 tai j\u0117gos multiplikatoriai, kurie leid\u017eia u\u017ever\u017eti ir atlaisvinti ver\u017eles, var\u017etus su dideliu sukimo momentu.\" \/>\n<meta property=\"og:url\" content=\"https:\/\/edmbaltic.lt\/en\/products\/bolt-tightening-equipment\/\" \/>\n<meta property=\"og:site_name\" content=\"Edmbaltic.lt\" \/>\n<meta property=\"article:modified_time\" content=\"2024-06-30T19:56:16+00:00\" \/>\n<meta property=\"og:image\" content=\"https:\/\/edmbaltic.lt\/wp-content\/uploads\/2024\/06\/DE_Winkel_m1.png\" \/>\n<meta name=\"twitter:card\" content=\"summary_large_image\" \/>\n<meta name=\"twitter:label1\" content=\"Est. reading time\" \/>\n\t<meta name=\"twitter:data1\" content=\"2 minutes\" \/>\n<script type=\"application\/ld+json\" class=\"yoast-schema-graph\">{\"@context\":\"https:\/\/schema.org\",\"@graph\":[{\"@type\":\"WebPage\",\"@id\":\"https:\/\/edmbaltic.lt\/en\/products\/bolt-tightening-equipment\/\",\"url\":\"https:\/\/edmbaltic.lt\/en\/products\/bolt-tightening-equipment\/\",\"name\":\"Var\u017et\u0173 u\u017ever\u017eimo \u012franga | edmbaltic.lt\",\"isPartOf\":{\"@id\":\"https:\/\/edmbaltic.lt\/en\/#website\"},\"primaryImageOfPage\":{\"@id\":\"https:\/\/edmbaltic.lt\/en\/products\/bolt-tightening-equipment\/#primaryimage\"},\"image\":{\"@id\":\"https:\/\/edmbaltic.lt\/en\/products\/bolt-tightening-equipment\/#primaryimage\"},\"thumbnailUrl\":\"https:\/\/edmbaltic.lt\/wp-content\/uploads\/2024\/06\/DE_Winkel_m1.png\",\"datePublished\":\"2024-06-07T07:09:31+00:00\",\"dateModified\":\"2024-06-30T19:56:16+00:00\",\"description\":\"Var\u017et\u0173 u\u017ever\u017eimo \u012franga \u2013 tai j\u0117gos multiplikatoriai, kurie leid\u017eia u\u017ever\u017eti ir atlaisvinti ver\u017eles, var\u017etus su dideliu sukimo momentu.\",\"breadcrumb\":{\"@id\":\"https:\/\/edmbaltic.lt\/en\/products\/bolt-tightening-equipment\/#breadcrumb\"},\"inLanguage\":\"en-US\",\"potentialAction\":[{\"@type\":\"ReadAction\",\"target\":[\"https:\/\/edmbaltic.lt\/en\/products\/bolt-tightening-equipment\/\"]}]},{\"@type\":\"ImageObject\",\"inLanguage\":\"en-US\",\"@id\":\"https:\/\/edmbaltic.lt\/en\/products\/bolt-tightening-equipment\/#primaryimage\",\"url\":\"https:\/\/edmbaltic.lt\/wp-content\/uploads\/2024\/06\/DE_Winkel_m1.png\",\"contentUrl\":\"https:\/\/edmbaltic.lt\/wp-content\/uploads\/2024\/06\/DE_Winkel_m1.png\"},{\"@type\":\"BreadcrumbList\",\"@id\":\"https:\/\/edmbaltic.lt\/en\/products\/bolt-tightening-equipment\/#breadcrumb\",\"itemListElement\":[{\"@type\":\"ListItem\",\"position\":1,\"name\":\"Home\",\"item\":\"https:\/\/edmbaltic.lt\/en\/\"},{\"@type\":\"ListItem\",\"position\":2,\"name\":\"Products\",\"item\":\"https:\/\/edmbaltic.lt\/en\/products\/\"},{\"@type\":\"ListItem\",\"position\":3,\"name\":\"Bolt tightening equipment\"}]},{\"@type\":\"WebSite\",\"@id\":\"https:\/\/edmbaltic.lt\/en\/#website\",\"url\":\"https:\/\/edmbaltic.lt\/en\/\",\"name\":\"Edmbaltic.lt\",\"description\":\"\",\"publisher\":{\"@id\":\"https:\/\/edmbaltic.lt\/en\/#organization\"},\"potentialAction\":[{\"@type\":\"SearchAction\",\"target\":{\"@type\":\"EntryPoint\",\"urlTemplate\":\"https:\/\/edmbaltic.lt\/en\/?s={search_term_string}\"},\"query-input\":\"required name=search_term_string\"}],\"inLanguage\":\"en-US\"},{\"@type\":\"Organization\",\"@id\":\"https:\/\/edmbaltic.lt\/en\/#organization\",\"name\":\"Edmbaltic.lt\",\"url\":\"https:\/\/edmbaltic.lt\/en\/\",\"logo\":{\"@type\":\"ImageObject\",\"inLanguage\":\"en-US\",\"@id\":\"https:\/\/edmbaltic.lt\/en\/#\/schema\/logo\/image\/\",\"url\":\"https:\/\/edmbaltic.lt\/wp-content\/uploads\/2024\/06\/logo.png\",\"contentUrl\":\"https:\/\/edmbaltic.lt\/wp-content\/uploads\/2024\/06\/logo.png\",\"width\":222,\"height\":104,\"caption\":\"Edmbaltic.lt\"},\"image\":{\"@id\":\"https:\/\/edmbaltic.lt\/en\/#\/schema\/logo\/image\/\"}}]}<\/script>\n<!-- \/ Yoast SEO plugin. -->","yoast_head_json":{"title":"Var\u017et\u0173 u\u017ever\u017eimo \u012franga | edmbaltic.lt","description":"Var\u017et\u0173 u\u017ever\u017eimo \u012franga \u2013 tai j\u0117gos multiplikatoriai, kurie leid\u017eia u\u017ever\u017eti ir atlaisvinti ver\u017eles, var\u017etus su dideliu sukimo momentu.","robots":{"index":"index","follow":"follow","max-snippet":"max-snippet:-1","max-image-preview":"max-image-preview:large","max-video-preview":"max-video-preview:-1"},"canonical":"https:\/\/edmbaltic.lt\/en\/products\/bolt-tightening-equipment\/","og_locale":"en_US","og_type":"article","og_title":"Var\u017et\u0173 u\u017ever\u017eimo \u012franga | edmbaltic.lt","og_description":"Var\u017et\u0173 u\u017ever\u017eimo \u012franga \u2013 tai j\u0117gos multiplikatoriai, kurie leid\u017eia u\u017ever\u017eti ir atlaisvinti ver\u017eles, var\u017etus su dideliu sukimo momentu.","og_url":"https:\/\/edmbaltic.lt\/en\/products\/bolt-tightening-equipment\/","og_site_name":"Edmbaltic.lt","article_modified_time":"2024-06-30T19:56:16+00:00","og_image":[{"url":"https:\/\/edmbaltic.lt\/wp-content\/uploads\/2024\/06\/DE_Winkel_m1.png"}],"twitter_card":"summary_large_image","twitter_misc":{"Est. reading time":"2 minutes"},"schema":{"@context":"https:\/\/schema.org","@graph":[{"@type":"WebPage","@id":"https:\/\/edmbaltic.lt\/en\/products\/bolt-tightening-equipment\/","url":"https:\/\/edmbaltic.lt\/en\/products\/bolt-tightening-equipment\/","name":"Var\u017et\u0173 u\u017ever\u017eimo \u012franga | edmbaltic.lt","isPartOf":{"@id":"https:\/\/edmbaltic.lt\/en\/#website"},"primaryImageOfPage":{"@id":"https:\/\/edmbaltic.lt\/en\/products\/bolt-tightening-equipment\/#primaryimage"},"image":{"@id":"https:\/\/edmbaltic.lt\/en\/products\/bolt-tightening-equipment\/#primaryimage"},"thumbnailUrl":"https:\/\/edmbaltic.lt\/wp-content\/uploads\/2024\/06\/DE_Winkel_m1.png","datePublished":"2024-06-07T07:09:31+00:00","dateModified":"2024-06-30T19:56:16+00:00","description":"Var\u017et\u0173 u\u017ever\u017eimo \u012franga \u2013 tai j\u0117gos multiplikatoriai, kurie leid\u017eia u\u017ever\u017eti ir atlaisvinti ver\u017eles, var\u017etus su dideliu sukimo momentu.","breadcrumb":{"@id":"https:\/\/edmbaltic.lt\/en\/products\/bolt-tightening-equipment\/#breadcrumb"},"inLanguage":"en-US","potentialAction":[{"@type":"ReadAction","target":["https:\/\/edmbaltic.lt\/en\/products\/bolt-tightening-equipment\/"]}]},{"@type":"ImageObject","inLanguage":"en-US","@id":"https:\/\/edmbaltic.lt\/en\/products\/bolt-tightening-equipment\/#primaryimage","url":"https:\/\/edmbaltic.lt\/wp-content\/uploads\/2024\/06\/DE_Winkel_m1.png","contentUrl":"https:\/\/edmbaltic.lt\/wp-content\/uploads\/2024\/06\/DE_Winkel_m1.png"},{"@type":"BreadcrumbList","@id":"https:\/\/edmbaltic.lt\/en\/products\/bolt-tightening-equipment\/#breadcrumb","itemListElement":[{"@type":"ListItem","position":1,"name":"Home","item":"https:\/\/edmbaltic.lt\/en\/"},{"@type":"ListItem","position":2,"name":"Products","item":"https:\/\/edmbaltic.lt\/en\/products\/"},{"@type":"ListItem","position":3,"name":"Bolt tightening equipment"}]},{"@type":"WebSite","@id":"https:\/\/edmbaltic.lt\/en\/#website","url":"https:\/\/edmbaltic.lt\/en\/","name":"Edmbaltic.lt","description":"","publisher":{"@id":"https:\/\/edmbaltic.lt\/en\/#organization"},"potentialAction":[{"@type":"SearchAction","target":{"@type":"EntryPoint","urlTemplate":"https:\/\/edmbaltic.lt\/en\/?s={search_term_string}"},"query-input":"required name=search_term_string"}],"inLanguage":"en-US"},{"@type":"Organization","@id":"https:\/\/edmbaltic.lt\/en\/#organization","name":"Edmbaltic.lt","url":"https:\/\/edmbaltic.lt\/en\/","logo":{"@type":"ImageObject","inLanguage":"en-US","@id":"https:\/\/edmbaltic.lt\/en\/#\/schema\/logo\/image\/","url":"https:\/\/edmbaltic.lt\/wp-content\/uploads\/2024\/06\/logo.png","contentUrl":"https:\/\/edmbaltic.lt\/wp-content\/uploads\/2024\/06\/logo.png","width":222,"height":104,"caption":"Edmbaltic.lt"},"image":{"@id":"https:\/\/edmbaltic.lt\/en\/#\/schema\/logo\/image\/"}}]}},"_links":{"self":[{"href":"https:\/\/edmbaltic.lt\/en\/wp-json\/wp\/v2\/pages\/1556","targetHints":{"allow":["GET"]}}],"collection":[{"href":"https:\/\/edmbaltic.lt\/en\/wp-json\/wp\/v2\/pages"}],"about":[{"href":"https:\/\/edmbaltic.lt\/en\/wp-json\/wp\/v2\/types\/page"}],"author":[{"embeddable":true,"href":"https:\/\/edmbaltic.lt\/en\/wp-json\/wp\/v2\/users\/1"}],"replies":[{"embeddable":true,"href":"https:\/\/edmbaltic.lt\/en\/wp-json\/wp\/v2\/comments?post=1556"}],"version-history":[{"count":2,"href":"https:\/\/edmbaltic.lt\/en\/wp-json\/wp\/v2\/pages\/1556\/revisions"}],"predecessor-version":[{"id":1857,"href":"https:\/\/edmbaltic.lt\/en\/wp-json\/wp\/v2\/pages\/1556\/revisions\/1857"}],"up":[{"embeddable":true,"href":"https:\/\/edmbaltic.lt\/en\/wp-json\/wp\/v2\/pages\/1545"}],"wp:attachment":[{"href":"https:\/\/edmbaltic.lt\/en\/wp-json\/wp\/v2\/media?parent=1556"}],"curies":[{"name":"wp","href":"https:\/\/api.w.org\/{rel}","templated":true}]}}